{"id":32,"date":"2025-11-08T16:01:54","date_gmt":"2025-11-08T14:01:54","guid":{"rendered":"https:\/\/kunglakyttepuu.ee\/?post_type=product&#038;p=32"},"modified":"2026-03-30T06:12:45","modified_gmt":"2026-03-30T03:12:45","slug":"toores-kuttepuu-hall-lepp-lahtine","status":"publish","type":"product","link":"https:\/\/kunglakyttepuu.ee\/en\/product\/toores-kuttepuu-hall-lepp-lahtine\/","title":{"rendered":"Toores K\u00fcttepuu hall lepp, lahtine"},"content":{"rendered":"<h3>Toores k\u00fcttepuu lepp, mida transpordime lahtiselt 1 rm on 80\u20ac.<\/p>\n<p>NB! HIND ON V\u00c4LJA TOODUD 1RM kohta!<\/h3>\n<p><strong>Hall lepp ehk valge lepp<\/strong>\u00a0\u2013 madala k\u00fcttev\u00e4\u00e4rtusega ning sobib valatult igasse koldesse, eriti suitsutamiseks. Puit muutub p\u00e4rast langetamist oran\u017eikaspunaseks ning kuivab kiiresti. \u00d5hukuivana kaalub keskmiselt 240 kg\/rm, k\u00fcttev\u00e4\u00e4rtus 1230 kWh\/rm.<\/p>\n<p>Puidu niiskusesisaldus on oluline asi, mida enne k\u00fcttepuude ostmist silmas pidada. Toore k\u00fcttepuu niiskus on umbes 50%, kuid k\u00fctmiseks on v\u00e4hemalt \u00f5hukuiv k\u00fcttepuu k\u00f5ige soodsam valik. Kui ladustate puud \u00f5ue v\u00f5i kuuri, siis ei ole m\u00f5tet varuda v\u00e4ga kuiva k\u00fcttepuud, sest puit niiskub v\u00e4ljas kuni \u00f5hu niiskusetasemeni (ca 20\u201325%). Kui ladustate k\u00fcttepuud siseruumides, v\u00f5ib soetada kuivemaid k\u00fcttepuid. K\u00fctmiseks on k\u00f5ige paremad k\u00fcttepuud, mille niiskustase on alla 20%.<\/p>\n<p>Kaal 20% niiskuse juures\u00a01 rm lepahalge kaalub umbes 400 kg.<\/p>","protected":false},"excerpt":{"rendered":"<h3>Toores k\u00fcttepuu lepp, mida transpordime lahtiselt 2,5rm alates.<\/p>\n<p>NB! HIND ON V\u00c4LJA TOODUD 1RM kohta!<\/h3>\n<p><strong>Hall lepp ehk valge lepp<\/strong>\u00a0\u2013 madala k\u00fcttev\u00e4\u00e4rtusega ning sobib valatult igasse koldesse, eriti suitsutamiseks. Puit muutub p\u00e4rast langetamist oran\u017eikaspunaseks ning kuivab kiiresti. \u00d5hukuivana kaalub keskmiselt 240 kg\/rm, k\u00fcttev\u00e4\u00e4rtus 1230 kWh\/rm.<\/p>","protected":false},"featured_media":35,"comment_status":"open","ping_status":"closed","template":"","meta":{"_et_pb_use_builder":"","_et_pb_old_content":"","_et_gb_content_width":""},"product_brand":[40],"product_cat":[20],"product_tag":[],"class_list":{"0":"post-32","1":"product","2":"type-product","3":"status-publish","4":"has-post-thumbnail","6":"product_brand-kunglatalu-kuttepuu","7":"product_cat-hall-lepp","8":"pa_kuttepuu-liik-hall-lepp","9":"pa_niiskustase-toores-kuttepuu","10":"pa_pikkus-30cm","12":"first","13":"instock","14":"shipping-taxable","15":"purchasable","16":"product-type-simple"},"_links":{"self":[{"href":"https:\/\/kunglakyttepuu.ee\/en\/wp-json\/wp\/v2\/product\/32","targetHints":{"allow":["GET"]}}],"collection":[{"href":"https:\/\/kunglakyttepuu.ee\/en\/wp-json\/wp\/v2\/product"}],"about":[{"href":"https:\/\/kunglakyttepuu.ee\/en\/wp-json\/wp\/v2\/types\/product"}],"replies":[{"embeddable":true,"href":"https:\/\/kunglakyttepuu.ee\/en\/wp-json\/wp\/v2\/comments?post=32"}],"wp:featuredmedia":[{"embeddable":true,"href":"https:\/\/kunglakyttepuu.ee\/en\/wp-json\/wp\/v2\/media\/35"}],"wp:attachment":[{"href":"https:\/\/kunglakyttepuu.ee\/en\/wp-json\/wp\/v2\/media?parent=32"}],"wp:term":[{"taxonomy":"product_brand","embeddable":true,"href":"https:\/\/kunglakyttepuu.ee\/en\/wp-json\/wp\/v2\/product_brand?post=32"},{"taxonomy":"product_cat","embeddable":true,"href":"https:\/\/kunglakyttepuu.ee\/en\/wp-json\/wp\/v2\/product_cat?post=32"},{"taxonomy":"product_tag","embeddable":true,"href":"https:\/\/kunglakyttepuu.ee\/en\/wp-json\/wp\/v2\/product_tag?post=32"}],"curies":[{"name":"wp","href":"https:\/\/api.w.org\/{rel}","templated":true}]}}