{"id":41,"date":"2025-11-08T16:52:33","date_gmt":"2025-11-08T14:52:33","guid":{"rendered":"https:\/\/kunglakyttepuu.ee\/?post_type=product&#038;p=41"},"modified":"2026-03-30T06:12:03","modified_gmt":"2026-03-30T03:12:03","slug":"toores-kuttepuu-haab-lahtine","status":"publish","type":"product","link":"https:\/\/kunglakyttepuu.ee\/en\/product\/toores-kuttepuu-haab-lahtine\/","title":{"rendered":"Toores k\u00fcttepuu haab, lahtine"},"content":{"rendered":"<h3 data-start=\"310\" data-end=\"348\"><strong data-start=\"314\" data-end=\"348\">Toores k\u00fcttepuu haab, lahtine<\/strong><\/h3>\n<p data-start=\"350\" data-end=\"842\">Haab \u2013 hele, kerge ja kiiresti kuivav puit, mis annab puhta ja rahuliku leegi. T\u00e4nu madalale vaigusisaldusele sobib haab suurep\u00e4raselt\u00a0<strong data-start=\"485\" data-end=\"501\">saunakeriste<\/strong>,\u00a0<strong data-start=\"503\" data-end=\"513\">ahjude<\/strong>\u00a0and\u00a0<strong data-start=\"517\" data-end=\"529\">pliitide<\/strong>\u00a0k\u00fctmiseks ning eriti h\u00e4sti\u00a0<strong data-start=\"557\" data-end=\"592\">suitsusauna v\u00f5i suitsutuskambri<\/strong>\u00a0jaoks, kuna p\u00f5leb puhtalt ega suitsuta liigselt. P\u00e4rast langetamist muutub puit heledaks ja siidiseks ning kuivab kiiremini kui enamik teisi lehtpuid. \u00d5hukuivana kaalub haab keskmiselt\u00a0<strong data-start=\"778\" data-end=\"795\">210\u2013230 kg\/rm<\/strong>, k\u00fcttev\u00e4\u00e4rtus on umbes\u00a0<strong data-start=\"819\" data-end=\"839\">1100\u20131150 kWh\/rm<\/strong>.<\/p>\n<p data-start=\"844\" data-end=\"949\">Puidu\u00a0<strong data-start=\"850\" data-end=\"870\">niiskusesisaldus<\/strong>\u00a0on v\u00e4ga oluline n\u00e4itaja, mis m\u00f5jutab nii k\u00fcttev\u00e4\u00e4rtust kui p\u00f5lemise puhtust.<\/p>\n<ul data-start=\"950\" data-end=\"1209\">\n<li><strong data-start=\"1096\" data-end=\"1114\">Kuiva haava<\/strong>\u00a0niiskus j\u00e4\u00e4b\u00a0<strong data-start=\"1128\" data-end=\"1138\">18\u201322%<\/strong>\u00a0vahele, mis on ideaalne tasakaal k\u00fctmise ja s\u00e4ilitamise seisukohalt.<\/li>\n<li data-start=\"1012\" data-end=\"1093\">\n<p data-start=\"1014\" data-end=\"1093\"><strong data-start=\"1014\" data-end=\"1033\">Poolkuiva haava<\/strong>\u00a0(\u00f5hu k\u00e4es 6\u20139 kuud kuivanud) niiskus on umbes\u00a0<strong data-start=\"1080\" data-end=\"1090\">25\u201330%<\/strong>.<\/p>\n<\/li>\n<li><strong data-start=\"952\" data-end=\"967\">Toore haava<\/strong>\u00a0niiskusesisaldus on ligikaudu\u00a0<strong data-start=\"998\" data-end=\"1008\">50\u201355%<\/strong>.<\/li>\n<\/ul>\n<p>&nbsp;<\/p>\n<p data-start=\"1211\" data-end=\"1559\">K\u00fctmiseks on soovitatav kasutada\u00a0<strong data-start=\"1244\" data-end=\"1272\">alla 20% niiskustasemega<\/strong>\u00a0puitu \u2013 see s\u00fcttib kiiresti, annab rohkem soojust ja v\u00e4hendab korstnasse tekkivat tahma. Kui k\u00fcttepuud ladustatakse \u00f5ues v\u00f5i avatud kuuris, pole vaja osta \u00fclikuiva puitu, sest see v\u00f5tab v\u00e4lis\u00f5hust niiskust kuni tasemeni 20\u201325%. Siseruumides hoides v\u00f5ib kasutada ka kuivemat materjali.<\/p>\n<p data-start=\"1561\" data-end=\"1636\">Kaaluliselt on 1 rm haavapuitu (20% niiskusega) ligikaudu\u00a0<strong data-start=\"1619\" data-end=\"1633\">370\u2013390 kg<\/strong>.<\/p>","protected":false},"excerpt":{"rendered":"<p>Haab \u2013 hele, kerge ja kiiresti kuivav puit, mis annab puhta ja rahuliku leegi. T\u00e4nu madalale vaigusisaldusele sobib haab suurep\u00e4raselt\u00a0<strong data-start=\"485\" data-end=\"501\">saunakeriste<\/strong>,\u00a0<strong data-start=\"503\" data-end=\"513\">ahjude<\/strong>\u00a0and\u00a0<strong data-start=\"517\" data-end=\"529\">pliitide<\/strong>\u00a0k\u00fctmiseks ning eriti h\u00e4sti\u00a0<strong data-start=\"557\" data-end=\"592\">suitsusauna v\u00f5i suitsutuskambri<\/strong>\u00a0jaoks, kuna p\u00f5leb puhtalt ega suitsuta liigselt. P\u00e4rast langetamist muutub puit heledaks ja siidiseks ning kuivab kiiremini kui enamik teisi lehtpuid. \u00d5hukuivana kaalub haab keskmiselt\u00a0<strong data-start=\"778\" data-end=\"795\">210\u2013230 kg\/rm<\/strong>, k\u00fcttev\u00e4\u00e4rtus on umbes\u00a0<strong data-start=\"819\" data-end=\"839\">1100\u20131150 kWh\/rm<\/strong>.<\/p>","protected":false},"featured_media":33,"comment_status":"open","ping_status":"closed","template":"","meta":{"_et_pb_use_builder":"","_et_pb_old_content":"","_et_gb_content_width":""},"product_brand":[40],"product_cat":[21],"product_tag":[],"class_list":{"0":"post-41","1":"product","2":"type-product","3":"status-publish","4":"has-post-thumbnail","6":"product_brand-kunglatalu-kuttepuu","7":"product_cat-haab","8":"pa_kuttepuu-liik-haab","9":"pa_niiskustase-toores-kuttepuu","10":"pa_pikkus-30cm","12":"first","13":"instock","14":"shipping-taxable","15":"purchasable","16":"product-type-simple"},"_links":{"self":[{"href":"https:\/\/kunglakyttepuu.ee\/en\/wp-json\/wp\/v2\/product\/41","targetHints":{"allow":["GET"]}}],"collection":[{"href":"https:\/\/kunglakyttepuu.ee\/en\/wp-json\/wp\/v2\/product"}],"about":[{"href":"https:\/\/kunglakyttepuu.ee\/en\/wp-json\/wp\/v2\/types\/product"}],"replies":[{"embeddable":true,"href":"https:\/\/kunglakyttepuu.ee\/en\/wp-json\/wp\/v2\/comments?post=41"}],"wp:featuredmedia":[{"embeddable":true,"href":"https:\/\/kunglakyttepuu.ee\/en\/wp-json\/wp\/v2\/media\/33"}],"wp:attachment":[{"href":"https:\/\/kunglakyttepuu.ee\/en\/wp-json\/wp\/v2\/media?parent=41"}],"wp:term":[{"taxonomy":"product_brand","embeddable":true,"href":"https:\/\/kunglakyttepuu.ee\/en\/wp-json\/wp\/v2\/product_brand?post=41"},{"taxonomy":"product_cat","embeddable":true,"href":"https:\/\/kunglakyttepuu.ee\/en\/wp-json\/wp\/v2\/product_cat?post=41"},{"taxonomy":"product_tag","embeddable":true,"href":"https:\/\/kunglakyttepuu.ee\/en\/wp-json\/wp\/v2\/product_tag?post=41"}],"curies":[{"name":"wp","href":"https:\/\/api.w.org\/{rel}","templated":true}]}}