{"id":42,"date":"2025-11-08T17:24:07","date_gmt":"2025-11-08T15:24:07","guid":{"rendered":"https:\/\/kunglakyttepuu.ee\/?post_type=product&#038;p=42"},"modified":"2025-11-08T17:31:01","modified_gmt":"2025-11-08T15:31:01","slug":"kuiv-kuttepuu-kask-lahtine","status":"publish","type":"product","link":"https:\/\/kunglakyttepuu.ee\/en\/product\/kuiv-kuttepuu-kask-lahtine\/","title":{"rendered":"Kuiv k\u00fcttepuu kask, lahtine"},"content":{"rendered":"<h3 data-start=\"170\" data-end=\"208\"><strong data-start=\"174\" data-end=\"208\">Kuiv k\u00fcttepuu kask,lahtine<\/strong><\/h3>\n<p data-start=\"210\" data-end=\"728\">Kask \u2013 Eesti \u00fcks hinnatumaid k\u00fcttepuid, mis \u00fchendab <strong data-start=\"262\" data-end=\"316\">k\u00f5rge k\u00fcttev\u00e4\u00e4rtuse, ilusa leegi ja meeldiva l\u00f5hna<\/strong>. Kask p\u00f5leb \u00fchtlaselt ning annab tugeva ja pikaajalise kuumuse, sobides suurep\u00e4raselt <strong data-start=\"403\" data-end=\"411\">ahju<\/strong>, <strong data-start=\"413\" data-end=\"423\">pliidi<\/strong>, <strong data-start=\"425\" data-end=\"438\">kaminasse<\/strong> and <strong data-start=\"442\" data-end=\"460\">saunakerisesse<\/strong>. T\u00e4nu oma tihedale struktuurile p\u00f5leb kask aeglasemalt kui enamik teisi lehtpuid ning soojendab ruumi t\u00f5husalt. Kasepuit annab p\u00f5letamisel valge-sinaka leegi ja kerge, loodusliku suitsuaroomi, mist\u00f5ttu kasutatakse seda sageli ka <strong data-start=\"690\" data-end=\"725\">suitsutamiseks ja saunakeristes<\/strong>.<\/p>\n<p data-start=\"730\" data-end=\"909\">\u00d5hukuivana kaalub kask keskmiselt <strong data-start=\"764\" data-end=\"781\">520\u2013550 kg\/rm<\/strong> ning selle <strong data-start=\"793\" data-end=\"809\">k\u00fcttev\u00e4\u00e4rtus<\/strong> on ligikaudu <strong data-start=\"823\" data-end=\"843\">1900\u20132100 kWh\/rm<\/strong>, mis teeb sellest \u00fche <strong data-start=\"866\" data-end=\"893\">energiarikkaima lehtpuu<\/strong> meie kliimas.<\/p>\n<p data-start=\"911\" data-end=\"996\">Puidu <strong data-start=\"917\" data-end=\"937\">niiskusesisaldus<\/strong> m\u00f5jutab otseselt p\u00f5lemise efektiivsust ja k\u00fcttev\u00e4\u00e4rtust:<\/p>\n<p data-start=\"911\" data-end=\"996\">\n<ul data-start=\"997\" data-end=\"1246\">\n<li><strong data-start=\"1132\" data-end=\"1149\">Kuiva kase<\/strong> niiskus j\u00e4\u00e4b vahemikku <strong data-start=\"1173\" data-end=\"1183\">18\u201322%<\/strong>, mis on parim tasakaal k\u00fctte- ja ladustamistingimuste jaoks.<\/li>\n<li data-start=\"1054\" data-end=\"1129\">\n<p data-start=\"1056\" data-end=\"1129\"><strong data-start=\"1056\" data-end=\"1074\">Poolkuiva kase<\/strong> (kuivanud 6\u20139 kuud) niiskus on ligikaudu <strong data-start=\"1116\" data-end=\"1126\">25\u201330%<\/strong>.<\/p>\n<\/li>\n<\/ul>\n<ul data-start=\"997\" data-end=\"1246\">\n<li data-start=\"997\" data-end=\"1053\">\n<p data-start=\"999\" data-end=\"1053\"><strong data-start=\"999\" data-end=\"1013\">Toore kase<\/strong> niiskusesisaldus on umbes <strong data-start=\"1040\" data-end=\"1050\">50\u201355%<\/strong>.<\/p>\n<\/li>\n<\/ul>\n<ul data-start=\"997\" data-end=\"1246\">\n<li style=\"list-style-type: none;\" data-start=\"997\" data-end=\"1053\"><\/li>\n<\/ul>\n<p data-start=\"1248\" data-end=\"1678\">K\u00fctmiseks on k\u00f5ige soodsam ja t\u00f5husam kasutada k\u00fcttepuitu, mille niiskustase on <strong data-start=\"1328\" data-end=\"1340\">alla 20%<\/strong>. Selline puit s\u00fcttib kiiresti, p\u00f5leb puhtalt ja annab maksimaalselt soojust, ilma liigse suitsu ja tahmata. Kui ladustate k\u00fcttepuid \u00f5ues v\u00f5i \u00f5hulises kuuris, ei ole m\u00f5tet varuda \u00fclikuiva puitu, sest looduslik \u00f5huniiskus t\u00f5stab selle niiskustaseme umbes 20\u201325%-ni. Siseruumides hoitava k\u00fcttepuu puhul v\u00f5ib kasutada ka kuivemat varianti.<\/p>\n<p data-start=\"1680\" data-end=\"1806\">Kaaluliselt on 1 rm kasepuitu 20% niiskuse juures ligikaudu <strong data-start=\"1740\" data-end=\"1750\">540 kg<\/strong>, mis annab m\u00e4rkimisv\u00e4\u00e4rse soojuse ja pika p\u00f5lemisaja.<\/p>","protected":false},"excerpt":{"rendered":"<p data-start=\"148\" data-end=\"336\"><strong>Birch<\/strong> on tihe ja suure k\u00fcttev\u00e4\u00e4rtusega lehtpuit, mis annab palju soojust ja kauni leegi. Sobib h\u00e4sti ahju, pliidi, kamina ja saunakerise k\u00fctmiseks \u2013 p\u00f5leb puhtalt ning hoiab sooja kaua.<\/p>\n<p>&nbsp;<\/p>\n<ul data-start=\"997\" data-end=\"1246\">\n<li><strong data-start=\"1132\" data-end=\"1149\">Kuiva kase<\/strong> niiskus j\u00e4\u00e4b vahemikku <strong data-start=\"1173\" data-end=\"1183\">18\u201322%<\/strong>, mis on parim tasakaal k\u00fctte- ja ladustamistingimuste jaoks.<\/li>\n<li data-start=\"1054\" data-end=\"1129\">\n<p data-start=\"1056\" data-end=\"1129\"><strong data-start=\"1056\" data-end=\"1074\">Poolkuiva kase<\/strong> (kuivanud 6\u20139 kuud) niiskus on ligikaudu <strong data-start=\"1116\" data-end=\"1126\">25\u201330%<\/strong>.<\/p>\n<\/li>\n<\/ul>\n<ul data-start=\"997\" data-end=\"1246\">\n<li data-start=\"997\" data-end=\"1053\">\n<p data-start=\"999\" data-end=\"1053\"><strong data-start=\"999\" data-end=\"1013\">Toore kase<\/strong> niiskusesisaldus on umbes <strong data-start=\"1040\" data-end=\"1050\">50\u201355%<\/strong>.<\/p>\n<\/li>\n<\/ul>","protected":false},"featured_media":34,"comment_status":"open","ping_status":"closed","template":"","meta":{"_et_pb_use_builder":"","_et_pb_old_content":"","_et_gb_content_width":""},"product_brand":[40],"product_cat":[19],"product_tag":[],"class_list":{"0":"post-42","1":"product","2":"type-product","3":"status-publish","4":"has-post-thumbnail","6":"product_brand-kunglatalu-kuttepuu","7":"product_cat-kask","8":"pa_kuttepuu-liik-kask","9":"pa_niiskustase-kuiv-kuttepuu","10":"pa_pikkus-30cm","12":"first","13":"instock","14":"shipping-taxable","15":"purchasable","16":"product-type-simple"},"_links":{"self":[{"href":"https:\/\/kunglakyttepuu.ee\/en\/wp-json\/wp\/v2\/product\/42","targetHints":{"allow":["GET"]}}],"collection":[{"href":"https:\/\/kunglakyttepuu.ee\/en\/wp-json\/wp\/v2\/product"}],"about":[{"href":"https:\/\/kunglakyttepuu.ee\/en\/wp-json\/wp\/v2\/types\/product"}],"replies":[{"embeddable":true,"href":"https:\/\/kunglakyttepuu.ee\/en\/wp-json\/wp\/v2\/comments?post=42"}],"wp:featuredmedia":[{"embeddable":true,"href":"https:\/\/kunglakyttepuu.ee\/en\/wp-json\/wp\/v2\/media\/34"}],"wp:attachment":[{"href":"https:\/\/kunglakyttepuu.ee\/en\/wp-json\/wp\/v2\/media?parent=42"}],"wp:term":[{"taxonomy":"product_brand","embeddable":true,"href":"https:\/\/kunglakyttepuu.ee\/en\/wp-json\/wp\/v2\/product_brand?post=42"},{"taxonomy":"product_cat","embeddable":true,"href":"https:\/\/kunglakyttepuu.ee\/en\/wp-json\/wp\/v2\/product_cat?post=42"},{"taxonomy":"product_tag","embeddable":true,"href":"https:\/\/kunglakyttepuu.ee\/en\/wp-json\/wp\/v2\/product_tag?post=42"}],"curies":[{"name":"wp","href":"https:\/\/api.w.org\/{rel}","templated":true}]}}